{"id":449,"date":"2018-07-02T10:11:03","date_gmt":"2018-07-02T10:11:03","guid":{"rendered":"https:\/\/minnesotaswede.com\/discover-minnesota\/"},"modified":"2024-02-28T10:33:11","modified_gmt":"2024-02-28T09:33:11","slug":"upptack-minnesota","status":"publish","type":"page","link":"https:\/\/minnesotaswede.com\/sv\/upptack-minnesota\/","title":{"rendered":"Uppt\u00e4ck Minnesota"},"content":{"rendered":"","protected":false},"excerpt":{"rendered":"","protected":false},"author":2,"featured_media":0,"parent":0,"menu_order":0,"comment_status":"closed","ping_status":"closed","template":"templates\/template-posts.php","meta":{"_acf_changed":false,"_exactmetrics_skip_tracking":false,"_exactmetrics_sitenote_active":false,"_exactmetrics_sitenote_note":"","_exactmetrics_sitenote_category":0,"footnotes":""},"acf":[],"yoast_head":"<!-- This site is optimized with the Yoast SEO plugin v22.9 - https:\/\/yoast.com\/wordpress\/plugins\/seo\/ -->\n<title>Uppt\u00e4ck Minnesota Gruppresa - MinnesotaSwede<\/title>\n<meta name=\"description\" content=\"H\u00e4ng med oss p\u00e5 den stora Minnesota-\u00e4ventyret! Res bekv\u00e4mt med buss fr\u00e5n norra Dalarna med upph\u00e4mtning l\u00e4ngs v\u00e4gen till Arlanda.\" \/>\n<meta name=\"robots\" content=\"index, follow, max-snippet:-1, max-image-preview:large, max-video-preview:-1\" \/>\n<link rel=\"canonical\" href=\"https:\/\/minnesotaswede.com\/sv\/upptack-minnesota\/\" \/>\n<meta property=\"og:locale\" content=\"sv_SE\" \/>\n<meta property=\"og:type\" content=\"article\" \/>\n<meta property=\"og:title\" content=\"Uppt\u00e4ck Minnesota Gruppresa - MinnesotaSwede\" \/>\n<meta property=\"og:description\" content=\"H\u00e4ng med oss p\u00e5 den stora Minnesota-\u00e4ventyret! Res bekv\u00e4mt med buss fr\u00e5n norra Dalarna med upph\u00e4mtning l\u00e4ngs v\u00e4gen till Arlanda.\" \/>\n<meta property=\"og:url\" content=\"https:\/\/minnesotaswede.com\/sv\/upptack-minnesota\/\" \/>\n<meta property=\"og:site_name\" content=\"MinnesotaSwede\" \/>\n<meta property=\"article:modified_time\" content=\"2024-02-28T09:33:11+00:00\" \/>\n<meta name=\"twitter:card\" content=\"summary_large_image\" \/>\n<!-- \/ Yoast SEO plugin. -->","yoast_head_json":{"title":"Uppt\u00e4ck Minnesota Gruppresa - MinnesotaSwede","description":"H\u00e4ng med oss p\u00e5 den stora Minnesota-\u00e4ventyret! Res bekv\u00e4mt med buss fr\u00e5n norra Dalarna med upph\u00e4mtning l\u00e4ngs v\u00e4gen till Arlanda.","robots":{"index":"index","follow":"follow","max-snippet":"max-snippet:-1","max-image-preview":"max-image-preview:large","max-video-preview":"max-video-preview:-1"},"canonical":"https:\/\/minnesotaswede.com\/sv\/upptack-minnesota\/","og_locale":"sv_SE","og_type":"article","og_title":"Uppt\u00e4ck Minnesota Gruppresa - MinnesotaSwede","og_description":"H\u00e4ng med oss p\u00e5 den stora Minnesota-\u00e4ventyret! Res bekv\u00e4mt med buss fr\u00e5n norra Dalarna med upph\u00e4mtning l\u00e4ngs v\u00e4gen till Arlanda.","og_url":"https:\/\/minnesotaswede.com\/sv\/upptack-minnesota\/","og_site_name":"MinnesotaSwede","article_modified_time":"2024-02-28T09:33:11+00:00","twitter_card":"summary_large_image","schema":{"@context":"https:\/\/schema.org","@graph":[{"@type":"WebPage","@id":"https:\/\/minnesotaswede.com\/sv\/upptack-minnesota\/","url":"https:\/\/minnesotaswede.com\/sv\/upptack-minnesota\/","name":"Uppt\u00e4ck Minnesota Gruppresa - MinnesotaSwede","isPartOf":{"@id":"https:\/\/minnesotaswede.com\/#website"},"datePublished":"2018-07-02T10:11:03+00:00","dateModified":"2024-02-28T09:33:11+00:00","description":"H\u00e4ng med oss p\u00e5 den stora Minnesota-\u00e4ventyret! Res bekv\u00e4mt med buss fr\u00e5n norra Dalarna med upph\u00e4mtning l\u00e4ngs v\u00e4gen till Arlanda.","breadcrumb":{"@id":"https:\/\/minnesotaswede.com\/sv\/upptack-minnesota\/#breadcrumb"},"inLanguage":"sv-SE","potentialAction":[{"@type":"ReadAction","target":["https:\/\/minnesotaswede.com\/sv\/upptack-minnesota\/"]}]},{"@type":"BreadcrumbList","@id":"https:\/\/minnesotaswede.com\/sv\/upptack-minnesota\/#breadcrumb","itemListElement":[{"@type":"ListItem","position":1,"name":"Home","item":"https:\/\/minnesotaswede.com\/sv\/"},{"@type":"ListItem","position":2,"name":"Uppt\u00e4ck Minnesota"}]},{"@type":"WebSite","@id":"https:\/\/minnesotaswede.com\/#website","url":"https:\/\/minnesotaswede.com\/","name":"MinnesotaSwede","description":"","potentialAction":[{"@type":"SearchAction","target":{"@type":"EntryPoint","urlTemplate":"https:\/\/minnesotaswede.com\/?s={search_term_string}"},"query-input":"required name=search_term_string"}],"inLanguage":"sv-SE"}]}},"_links":{"self":[{"href":"https:\/\/minnesotaswede.com\/sv\/wp-json\/wp\/v2\/pages\/449"}],"collection":[{"href":"https:\/\/minnesotaswede.com\/sv\/wp-json\/wp\/v2\/pages"}],"about":[{"href":"https:\/\/minnesotaswede.com\/sv\/wp-json\/wp\/v2\/types\/page"}],"author":[{"embeddable":true,"href":"https:\/\/minnesotaswede.com\/sv\/wp-json\/wp\/v2\/users\/2"}],"replies":[{"embeddable":true,"href":"https:\/\/minnesotaswede.com\/sv\/wp-json\/wp\/v2\/comments?post=449"}],"version-history":[{"count":1,"href":"https:\/\/minnesotaswede.com\/sv\/wp-json\/wp\/v2\/pages\/449\/revisions"}],"predecessor-version":[{"id":915,"href":"https:\/\/minnesotaswede.com\/sv\/wp-json\/wp\/v2\/pages\/449\/revisions\/915"}],"wp:attachment":[{"href":"https:\/\/minnesotaswede.com\/sv\/wp-json\/wp\/v2\/media?parent=449"}],"curies":[{"name":"wp","href":"https:\/\/api.w.org\/{rel}","templated":true}]}}