{"id":476,"date":"2018-07-02T10:10:49","date_gmt":"2018-07-02T10:10:49","guid":{"rendered":"https:\/\/minnesotaswede.com\/tour-of-scandinavia\/"},"modified":"2018-11-09T12:19:24","modified_gmt":"2018-11-09T11:19:24","slug":"skandinaviskt-aventyr","status":"publish","type":"page","link":"https:\/\/minnesotaswede.com\/sv\/skandinaviskt-aventyr\/","title":{"rendered":"Skandinaviskt \u00e4ventyr"},"content":{"rendered":"","protected":false},"excerpt":{"rendered":"","protected":false},"author":2,"featured_media":0,"parent":0,"menu_order":0,"comment_status":"closed","ping_status":"closed","template":"templates\/template-posts.php","meta":{"_acf_changed":false,"_exactmetrics_skip_tracking":false,"_exactmetrics_sitenote_active":false,"_exactmetrics_sitenote_note":"","_exactmetrics_sitenote_category":0,"footnotes":""},"acf":[],"yoast_head":"<!-- This site is optimized with the Yoast SEO plugin v22.9 - https:\/\/yoast.com\/wordpress\/plugins\/seo\/ -->\n<title>Skandinaviskt \u00e4ventyr - MinnesotaSwede<\/title>\n<meta name=\"description\" content=\"Om du \u00e4r fr\u00e5n Minnesota eller fr\u00e5n mellanwestern \u00e4r det stor sannolikhet att du har ett svenskt och ett norskt familjeursprung. 10 dagar \u2013\u2026\" \/>\n<meta name=\"robots\" content=\"index, follow, max-snippet:-1, max-image-preview:large, max-video-preview:-1\" \/>\n<link rel=\"canonical\" href=\"https:\/\/minnesotaswede.com\/sv\/skandinaviskt-aventyr\/\" \/>\n<meta property=\"og:locale\" content=\"sv_SE\" \/>\n<meta property=\"og:type\" content=\"article\" \/>\n<meta property=\"og:title\" content=\"Skandinaviskt \u00e4ventyr - MinnesotaSwede\" \/>\n<meta property=\"og:url\" content=\"https:\/\/minnesotaswede.com\/sv\/skandinaviskt-aventyr\/\" \/>\n<meta property=\"og:site_name\" content=\"MinnesotaSwede\" \/>\n<meta property=\"article:modified_time\" content=\"2018-11-09T11:19:24+00:00\" \/>\n<meta name=\"twitter:card\" content=\"summary_large_image\" \/>\n<!-- \/ Yoast SEO plugin. -->","yoast_head_json":{"title":"Skandinaviskt \u00e4ventyr - MinnesotaSwede","description":"Om du \u00e4r fr\u00e5n Minnesota eller fr\u00e5n mellanwestern \u00e4r det stor sannolikhet att du har ett svenskt och ett norskt familjeursprung. 10 dagar \u2013\u2026","robots":{"index":"index","follow":"follow","max-snippet":"max-snippet:-1","max-image-preview":"max-image-preview:large","max-video-preview":"max-video-preview:-1"},"canonical":"https:\/\/minnesotaswede.com\/sv\/skandinaviskt-aventyr\/","og_locale":"sv_SE","og_type":"article","og_title":"Skandinaviskt \u00e4ventyr - MinnesotaSwede","og_url":"https:\/\/minnesotaswede.com\/sv\/skandinaviskt-aventyr\/","og_site_name":"MinnesotaSwede","article_modified_time":"2018-11-09T11:19:24+00:00","twitter_card":"summary_large_image","schema":{"@context":"https:\/\/schema.org","@graph":[{"@type":"WebPage","@id":"https:\/\/minnesotaswede.com\/sv\/skandinaviskt-aventyr\/","url":"https:\/\/minnesotaswede.com\/sv\/skandinaviskt-aventyr\/","name":"Skandinaviskt \u00e4ventyr - MinnesotaSwede","isPartOf":{"@id":"https:\/\/minnesotaswede.com\/#website"},"datePublished":"2018-07-02T10:10:49+00:00","dateModified":"2018-11-09T11:19:24+00:00","breadcrumb":{"@id":"https:\/\/minnesotaswede.com\/sv\/skandinaviskt-aventyr\/#breadcrumb"},"inLanguage":"sv-SE","potentialAction":[{"@type":"ReadAction","target":["https:\/\/minnesotaswede.com\/sv\/skandinaviskt-aventyr\/"]}]},{"@type":"BreadcrumbList","@id":"https:\/\/minnesotaswede.com\/sv\/skandinaviskt-aventyr\/#breadcrumb","itemListElement":[{"@type":"ListItem","position":1,"name":"Home","item":"https:\/\/minnesotaswede.com\/sv\/"},{"@type":"ListItem","position":2,"name":"Skandinaviskt \u00e4ventyr"}]},{"@type":"WebSite","@id":"https:\/\/minnesotaswede.com\/#website","url":"https:\/\/minnesotaswede.com\/","name":"MinnesotaSwede","description":"","potentialAction":[{"@type":"SearchAction","target":{"@type":"EntryPoint","urlTemplate":"https:\/\/minnesotaswede.com\/?s={search_term_string}"},"query-input":"required name=search_term_string"}],"inLanguage":"sv-SE"}]}},"_links":{"self":[{"href":"https:\/\/minnesotaswede.com\/sv\/wp-json\/wp\/v2\/pages\/476"}],"collection":[{"href":"https:\/\/minnesotaswede.com\/sv\/wp-json\/wp\/v2\/pages"}],"about":[{"href":"https:\/\/minnesotaswede.com\/sv\/wp-json\/wp\/v2\/types\/page"}],"author":[{"embeddable":true,"href":"https:\/\/minnesotaswede.com\/sv\/wp-json\/wp\/v2\/users\/2"}],"replies":[{"embeddable":true,"href":"https:\/\/minnesotaswede.com\/sv\/wp-json\/wp\/v2\/comments?post=476"}],"version-history":[{"count":2,"href":"https:\/\/minnesotaswede.com\/sv\/wp-json\/wp\/v2\/pages\/476\/revisions"}],"predecessor-version":[{"id":543,"href":"https:\/\/minnesotaswede.com\/sv\/wp-json\/wp\/v2\/pages\/476\/revisions\/543"}],"wp:attachment":[{"href":"https:\/\/minnesotaswede.com\/sv\/wp-json\/wp\/v2\/media?parent=476"}],"curies":[{"name":"wp","href":"https:\/\/api.w.org\/{rel}","templated":true}]}}