{"id":481,"date":"2018-11-06T15:05:13","date_gmt":"2018-11-06T14:05:13","guid":{"rendered":"https:\/\/minnesotaswede.com\/?page_id=481"},"modified":"2018-11-09T12:17:19","modified_gmt":"2018-11-09T11:17:19","slug":"dagturer-stockholm","status":"publish","type":"page","link":"https:\/\/minnesotaswede.com\/sv\/dagturer-stockholm\/","title":{"rendered":"Dagturer Stockholm"},"content":{"rendered":"","protected":false},"excerpt":{"rendered":"","protected":false},"author":2,"featured_media":0,"parent":0,"menu_order":0,"comment_status":"closed","ping_status":"closed","template":"templates\/template-posts.php","meta":{"_acf_changed":false,"_exactmetrics_skip_tracking":false,"_exactmetrics_sitenote_active":false,"_exactmetrics_sitenote_note":"","_exactmetrics_sitenote_category":0,"footnotes":""},"acf":[],"yoast_head":"<!-- This site is optimized with the Yoast SEO plugin v22.9 - https:\/\/yoast.com\/wordpress\/plugins\/seo\/ -->\n<title>Dagturer Stockholm - MinnesotaSwede<\/title>\n<meta name=\"description\" content=\"Oavsett om du kallar det f\u00f6r \u201dSkandinaviens huvudstad\u201d, \u201dNordens Venedig\u201d eller \u201dSk\u00f6nheten p\u00e5 vattnet\u201d: s\u00e5 \u00e4r Stockholm stad k\u00e4nd f\u00f6r sina kontraster. Staden som\u2026\" \/>\n<meta name=\"robots\" content=\"index, follow, max-snippet:-1, max-image-preview:large, max-video-preview:-1\" \/>\n<link rel=\"canonical\" href=\"https:\/\/minnesotaswede.com\/sv\/dagturer-stockholm\/\" \/>\n<meta property=\"og:locale\" content=\"sv_SE\" \/>\n<meta property=\"og:type\" content=\"article\" \/>\n<meta property=\"og:title\" content=\"Dagturer Stockholm - MinnesotaSwede\" \/>\n<meta property=\"og:url\" content=\"https:\/\/minnesotaswede.com\/sv\/dagturer-stockholm\/\" \/>\n<meta property=\"og:site_name\" content=\"MinnesotaSwede\" \/>\n<meta property=\"article:modified_time\" content=\"2018-11-09T11:17:19+00:00\" \/>\n<meta name=\"twitter:card\" content=\"summary_large_image\" \/>\n<!-- \/ Yoast SEO plugin. -->","yoast_head_json":{"title":"Dagturer Stockholm - MinnesotaSwede","description":"Oavsett om du kallar det f\u00f6r \u201dSkandinaviens huvudstad\u201d, \u201dNordens Venedig\u201d eller \u201dSk\u00f6nheten p\u00e5 vattnet\u201d: s\u00e5 \u00e4r Stockholm stad k\u00e4nd f\u00f6r sina kontraster. Staden som\u2026","robots":{"index":"index","follow":"follow","max-snippet":"max-snippet:-1","max-image-preview":"max-image-preview:large","max-video-preview":"max-video-preview:-1"},"canonical":"https:\/\/minnesotaswede.com\/sv\/dagturer-stockholm\/","og_locale":"sv_SE","og_type":"article","og_title":"Dagturer Stockholm - MinnesotaSwede","og_url":"https:\/\/minnesotaswede.com\/sv\/dagturer-stockholm\/","og_site_name":"MinnesotaSwede","article_modified_time":"2018-11-09T11:17:19+00:00","twitter_card":"summary_large_image","schema":{"@context":"https:\/\/schema.org","@graph":[{"@type":"WebPage","@id":"https:\/\/minnesotaswede.com\/sv\/dagturer-stockholm\/","url":"https:\/\/minnesotaswede.com\/sv\/dagturer-stockholm\/","name":"Dagturer Stockholm - MinnesotaSwede","isPartOf":{"@id":"https:\/\/minnesotaswede.com\/#website"},"datePublished":"2018-11-06T14:05:13+00:00","dateModified":"2018-11-09T11:17:19+00:00","breadcrumb":{"@id":"https:\/\/minnesotaswede.com\/sv\/dagturer-stockholm\/#breadcrumb"},"inLanguage":"sv-SE","potentialAction":[{"@type":"ReadAction","target":["https:\/\/minnesotaswede.com\/sv\/dagturer-stockholm\/"]}]},{"@type":"BreadcrumbList","@id":"https:\/\/minnesotaswede.com\/sv\/dagturer-stockholm\/#breadcrumb","itemListElement":[{"@type":"ListItem","position":1,"name":"Home","item":"https:\/\/minnesotaswede.com\/sv\/"},{"@type":"ListItem","position":2,"name":"Dagturer Stockholm"}]},{"@type":"WebSite","@id":"https:\/\/minnesotaswede.com\/#website","url":"https:\/\/minnesotaswede.com\/","name":"MinnesotaSwede","description":"","potentialAction":[{"@type":"SearchAction","target":{"@type":"EntryPoint","urlTemplate":"https:\/\/minnesotaswede.com\/?s={search_term_string}"},"query-input":"required name=search_term_string"}],"inLanguage":"sv-SE"}]}},"_links":{"self":[{"href":"https:\/\/minnesotaswede.com\/sv\/wp-json\/wp\/v2\/pages\/481"}],"collection":[{"href":"https:\/\/minnesotaswede.com\/sv\/wp-json\/wp\/v2\/pages"}],"about":[{"href":"https:\/\/minnesotaswede.com\/sv\/wp-json\/wp\/v2\/types\/page"}],"author":[{"embeddable":true,"href":"https:\/\/minnesotaswede.com\/sv\/wp-json\/wp\/v2\/users\/2"}],"replies":[{"embeddable":true,"href":"https:\/\/minnesotaswede.com\/sv\/wp-json\/wp\/v2\/comments?post=481"}],"version-history":[{"count":2,"href":"https:\/\/minnesotaswede.com\/sv\/wp-json\/wp\/v2\/pages\/481\/revisions"}],"predecessor-version":[{"id":542,"href":"https:\/\/minnesotaswede.com\/sv\/wp-json\/wp\/v2\/pages\/481\/revisions\/542"}],"wp:attachment":[{"href":"https:\/\/minnesotaswede.com\/sv\/wp-json\/wp\/v2\/media?parent=481"}],"curies":[{"name":"wp","href":"https:\/\/api.w.org\/{rel}","templated":true}]}}