{"id":491,"date":"2018-07-02T10:11:11","date_gmt":"2018-07-02T10:11:11","guid":{"rendered":"https:\/\/minnesotaswede.com\/about\/"},"modified":"2020-02-17T14:43:08","modified_gmt":"2020-02-17T13:43:08","slug":"om-oss","status":"publish","type":"page","link":"https:\/\/minnesotaswede.com\/sv\/om-oss\/","title":{"rendered":"Om oss"},"content":{"rendered":"","protected":false},"excerpt":{"rendered":"","protected":false},"author":2,"featured_media":0,"parent":0,"menu_order":0,"comment_status":"closed","ping_status":"closed","template":"templates\/template-posts.php","meta":{"_acf_changed":false,"_exactmetrics_skip_tracking":false,"_exactmetrics_sitenote_active":false,"_exactmetrics_sitenote_note":"","_exactmetrics_sitenote_category":0,"footnotes":""},"acf":[],"yoast_head":"<!-- This site is optimized with the Yoast SEO plugin v22.9 - https:\/\/yoast.com\/wordpress\/plugins\/seo\/ -->\n<title>Om oss - MinnesotaSwede<\/title>\n<meta name=\"description\" content=\"Det \u00e4r vi som \u00e4r MinnesotaSwede! Kris Rydholm \u00d6verby \u00e4r en riktig Minnesotan, som \u00e4r f\u00f6dd och uppvuxen in Tvillingst\u00e4derna Minneapolis \u2013 St. Paul.\u2026\" \/>\n<meta name=\"robots\" content=\"index, follow, max-snippet:-1, max-image-preview:large, max-video-preview:-1\" \/>\n<link rel=\"canonical\" href=\"https:\/\/minnesotaswede.com\/sv\/om-oss\/\" \/>\n<meta property=\"og:locale\" content=\"sv_SE\" \/>\n<meta property=\"og:type\" content=\"article\" \/>\n<meta property=\"og:title\" content=\"Om oss - MinnesotaSwede\" \/>\n<meta property=\"og:url\" content=\"https:\/\/minnesotaswede.com\/sv\/om-oss\/\" \/>\n<meta property=\"og:site_name\" content=\"MinnesotaSwede\" \/>\n<meta property=\"article:modified_time\" content=\"2020-02-17T13:43:08+00:00\" \/>\n<meta name=\"twitter:card\" content=\"summary_large_image\" \/>\n<!-- \/ Yoast SEO plugin. -->","yoast_head_json":{"title":"Om oss - MinnesotaSwede","description":"Det \u00e4r vi som \u00e4r MinnesotaSwede! Kris Rydholm \u00d6verby \u00e4r en riktig Minnesotan, som \u00e4r f\u00f6dd och uppvuxen in Tvillingst\u00e4derna Minneapolis \u2013 St. Paul.\u2026","robots":{"index":"index","follow":"follow","max-snippet":"max-snippet:-1","max-image-preview":"max-image-preview:large","max-video-preview":"max-video-preview:-1"},"canonical":"https:\/\/minnesotaswede.com\/sv\/om-oss\/","og_locale":"sv_SE","og_type":"article","og_title":"Om oss - MinnesotaSwede","og_url":"https:\/\/minnesotaswede.com\/sv\/om-oss\/","og_site_name":"MinnesotaSwede","article_modified_time":"2020-02-17T13:43:08+00:00","twitter_card":"summary_large_image","schema":{"@context":"https:\/\/schema.org","@graph":[{"@type":"WebPage","@id":"https:\/\/minnesotaswede.com\/sv\/om-oss\/","url":"https:\/\/minnesotaswede.com\/sv\/om-oss\/","name":"Om oss - MinnesotaSwede","isPartOf":{"@id":"https:\/\/minnesotaswede.com\/#website"},"datePublished":"2018-07-02T10:11:11+00:00","dateModified":"2020-02-17T13:43:08+00:00","breadcrumb":{"@id":"https:\/\/minnesotaswede.com\/sv\/om-oss\/#breadcrumb"},"inLanguage":"sv-SE","potentialAction":[{"@type":"ReadAction","target":["https:\/\/minnesotaswede.com\/sv\/om-oss\/"]}]},{"@type":"BreadcrumbList","@id":"https:\/\/minnesotaswede.com\/sv\/om-oss\/#breadcrumb","itemListElement":[{"@type":"ListItem","position":1,"name":"Home","item":"https:\/\/minnesotaswede.com\/sv\/"},{"@type":"ListItem","position":2,"name":"Om oss"}]},{"@type":"WebSite","@id":"https:\/\/minnesotaswede.com\/#website","url":"https:\/\/minnesotaswede.com\/","name":"MinnesotaSwede","description":"","potentialAction":[{"@type":"SearchAction","target":{"@type":"EntryPoint","urlTemplate":"https:\/\/minnesotaswede.com\/?s={search_term_string}"},"query-input":"required name=search_term_string"}],"inLanguage":"sv-SE"}]}},"_links":{"self":[{"href":"https:\/\/minnesotaswede.com\/sv\/wp-json\/wp\/v2\/pages\/491"}],"collection":[{"href":"https:\/\/minnesotaswede.com\/sv\/wp-json\/wp\/v2\/pages"}],"about":[{"href":"https:\/\/minnesotaswede.com\/sv\/wp-json\/wp\/v2\/types\/page"}],"author":[{"embeddable":true,"href":"https:\/\/minnesotaswede.com\/sv\/wp-json\/wp\/v2\/users\/2"}],"replies":[{"embeddable":true,"href":"https:\/\/minnesotaswede.com\/sv\/wp-json\/wp\/v2\/comments?post=491"}],"version-history":[{"count":1,"href":"https:\/\/minnesotaswede.com\/sv\/wp-json\/wp\/v2\/pages\/491\/revisions"}],"predecessor-version":[{"id":823,"href":"https:\/\/minnesotaswede.com\/sv\/wp-json\/wp\/v2\/pages\/491\/revisions\/823"}],"wp:attachment":[{"href":"https:\/\/minnesotaswede.com\/sv\/wp-json\/wp\/v2\/media?parent=491"}],"curies":[{"name":"wp","href":"https:\/\/api.w.org\/{rel}","templated":true}]}}