{"id":508,"date":"2018-07-02T10:10:41","date_gmt":"2018-07-02T10:10:41","guid":{"rendered":"https:\/\/minnesotaswede.com\/swedish-heritage-tours\/"},"modified":"2018-11-19T14:40:12","modified_gmt":"2018-11-19T13:40:12","slug":"svensk-slaktresa","status":"publish","type":"page","link":"https:\/\/minnesotaswede.com\/sv\/svensk-slaktresa\/","title":{"rendered":"Svensk sl\u00e4ktresa"},"content":{"rendered":"","protected":false},"excerpt":{"rendered":"","protected":false},"author":2,"featured_media":0,"parent":0,"menu_order":0,"comment_status":"closed","ping_status":"closed","template":"templates\/template-posts.php","meta":{"_acf_changed":false,"_exactmetrics_skip_tracking":false,"_exactmetrics_sitenote_active":false,"_exactmetrics_sitenote_note":"","_exactmetrics_sitenote_category":0,"footnotes":""},"acf":[],"yoast_head":"<!-- This site is optimized with the Yoast SEO plugin v22.9 - https:\/\/yoast.com\/wordpress\/plugins\/seo\/ -->\n<title>Svensk sl\u00e4ktresa - MinnesotaSwede<\/title>\n<meta name=\"description\" content=\"\u00c4r du en av de 4.3 miljoner svenskamerikaner som bor i USA som vill uppt\u00e4cka sina svenska r\u00f6tter? Chansen \u00e4r stor att du inte\u2026\" \/>\n<meta name=\"robots\" content=\"index, follow, max-snippet:-1, max-image-preview:large, max-video-preview:-1\" \/>\n<link rel=\"canonical\" href=\"https:\/\/minnesotaswede.com\/sv\/svensk-slaktresa\/\" \/>\n<meta property=\"og:locale\" content=\"sv_SE\" \/>\n<meta property=\"og:type\" content=\"article\" \/>\n<meta property=\"og:title\" content=\"Svensk sl\u00e4ktresa - MinnesotaSwede\" \/>\n<meta property=\"og:url\" content=\"https:\/\/minnesotaswede.com\/sv\/svensk-slaktresa\/\" \/>\n<meta property=\"og:site_name\" content=\"MinnesotaSwede\" \/>\n<meta property=\"article:modified_time\" content=\"2018-11-19T13:40:12+00:00\" \/>\n<meta name=\"twitter:card\" content=\"summary_large_image\" \/>\n<!-- \/ Yoast SEO plugin. -->","yoast_head_json":{"title":"Svensk sl\u00e4ktresa - MinnesotaSwede","description":"\u00c4r du en av de 4.3 miljoner svenskamerikaner som bor i USA som vill uppt\u00e4cka sina svenska r\u00f6tter? Chansen \u00e4r stor att du inte\u2026","robots":{"index":"index","follow":"follow","max-snippet":"max-snippet:-1","max-image-preview":"max-image-preview:large","max-video-preview":"max-video-preview:-1"},"canonical":"https:\/\/minnesotaswede.com\/sv\/svensk-slaktresa\/","og_locale":"sv_SE","og_type":"article","og_title":"Svensk sl\u00e4ktresa - MinnesotaSwede","og_url":"https:\/\/minnesotaswede.com\/sv\/svensk-slaktresa\/","og_site_name":"MinnesotaSwede","article_modified_time":"2018-11-19T13:40:12+00:00","twitter_card":"summary_large_image","schema":{"@context":"https:\/\/schema.org","@graph":[{"@type":"WebPage","@id":"https:\/\/minnesotaswede.com\/sv\/svensk-slaktresa\/","url":"https:\/\/minnesotaswede.com\/sv\/svensk-slaktresa\/","name":"Svensk sl\u00e4ktresa - MinnesotaSwede","isPartOf":{"@id":"https:\/\/minnesotaswede.com\/#website"},"datePublished":"2018-07-02T10:10:41+00:00","dateModified":"2018-11-19T13:40:12+00:00","breadcrumb":{"@id":"https:\/\/minnesotaswede.com\/sv\/svensk-slaktresa\/#breadcrumb"},"inLanguage":"sv-SE","potentialAction":[{"@type":"ReadAction","target":["https:\/\/minnesotaswede.com\/sv\/svensk-slaktresa\/"]}]},{"@type":"BreadcrumbList","@id":"https:\/\/minnesotaswede.com\/sv\/svensk-slaktresa\/#breadcrumb","itemListElement":[{"@type":"ListItem","position":1,"name":"Home","item":"https:\/\/minnesotaswede.com\/sv\/"},{"@type":"ListItem","position":2,"name":"Svensk sl\u00e4ktresa"}]},{"@type":"WebSite","@id":"https:\/\/minnesotaswede.com\/#website","url":"https:\/\/minnesotaswede.com\/","name":"MinnesotaSwede","description":"","potentialAction":[{"@type":"SearchAction","target":{"@type":"EntryPoint","urlTemplate":"https:\/\/minnesotaswede.com\/?s={search_term_string}"},"query-input":"required name=search_term_string"}],"inLanguage":"sv-SE"}]}},"_links":{"self":[{"href":"https:\/\/minnesotaswede.com\/sv\/wp-json\/wp\/v2\/pages\/508"}],"collection":[{"href":"https:\/\/minnesotaswede.com\/sv\/wp-json\/wp\/v2\/pages"}],"about":[{"href":"https:\/\/minnesotaswede.com\/sv\/wp-json\/wp\/v2\/types\/page"}],"author":[{"embeddable":true,"href":"https:\/\/minnesotaswede.com\/sv\/wp-json\/wp\/v2\/users\/2"}],"replies":[{"embeddable":true,"href":"https:\/\/minnesotaswede.com\/sv\/wp-json\/wp\/v2\/comments?post=508"}],"version-history":[{"count":2,"href":"https:\/\/minnesotaswede.com\/sv\/wp-json\/wp\/v2\/pages\/508\/revisions"}],"predecessor-version":[{"id":585,"href":"https:\/\/minnesotaswede.com\/sv\/wp-json\/wp\/v2\/pages\/508\/revisions\/585"}],"wp:attachment":[{"href":"https:\/\/minnesotaswede.com\/sv\/wp-json\/wp\/v2\/media?parent=508"}],"curies":[{"name":"wp","href":"https:\/\/api.w.org\/{rel}","templated":true}]}}