{"id":863,"date":"2024-01-22T12:09:45","date_gmt":"2024-01-22T11:09:45","guid":{"rendered":"https:\/\/minnesotaswede.com\/?page_id=863"},"modified":"2024-02-28T10:21:09","modified_gmt":"2024-02-28T09:21:09","slug":"fakta-och-priser","status":"publish","type":"page","link":"https:\/\/minnesotaswede.com\/sv\/upptack-minnesota\/fakta-och-priser\/","title":{"rendered":"Fakta och priser"},"content":{"rendered":"","protected":false},"excerpt":{"rendered":"","protected":false},"author":1,"featured_media":0,"parent":449,"menu_order":0,"comment_status":"closed","ping_status":"closed","template":"","meta":{"_acf_changed":false,"_exactmetrics_skip_tracking":false,"_exactmetrics_sitenote_active":false,"_exactmetrics_sitenote_note":"","_exactmetrics_sitenote_category":0,"footnotes":""},"acf":[],"yoast_head":"<!-- This site is optimized with the Yoast SEO plugin v22.9 - https:\/\/yoast.com\/wordpress\/plugins\/seo\/ -->\n<title>Fakta och priser - MinnesotaSwede<\/title>\n<meta name=\"description\" content=\"Prelimin\u00e4r pris 2025 Pris per person i tv\u00e5b\u00e4ddsrum: 49.800 kr Singeltill\u00e4gg: 6.760 kr I priset ing\u00e5r: Reseledare under hela resan Busstransfer tur och retur\u2026\" \/>\n<meta name=\"robots\" content=\"index, follow, max-snippet:-1, max-image-preview:large, max-video-preview:-1\" \/>\n<link rel=\"canonical\" href=\"https:\/\/minnesotaswede.com\/sv\/upptack-minnesota\/fakta-och-priser\/\" \/>\n<meta property=\"og:locale\" content=\"sv_SE\" \/>\n<meta property=\"og:type\" content=\"article\" \/>\n<meta property=\"og:title\" content=\"Fakta och priser - MinnesotaSwede\" \/>\n<meta property=\"og:url\" content=\"https:\/\/minnesotaswede.com\/sv\/upptack-minnesota\/fakta-och-priser\/\" \/>\n<meta property=\"og:site_name\" content=\"MinnesotaSwede\" \/>\n<meta property=\"article:modified_time\" content=\"2024-02-28T09:21:09+00:00\" \/>\n<meta name=\"twitter:card\" content=\"summary_large_image\" \/>\n<!-- \/ Yoast SEO plugin. -->","yoast_head_json":{"title":"Fakta och priser - MinnesotaSwede","description":"Prelimin\u00e4r pris 2025 Pris per person i tv\u00e5b\u00e4ddsrum: 49.800 kr Singeltill\u00e4gg: 6.760 kr I priset ing\u00e5r: Reseledare under hela resan Busstransfer tur och retur\u2026","robots":{"index":"index","follow":"follow","max-snippet":"max-snippet:-1","max-image-preview":"max-image-preview:large","max-video-preview":"max-video-preview:-1"},"canonical":"https:\/\/minnesotaswede.com\/sv\/upptack-minnesota\/fakta-och-priser\/","og_locale":"sv_SE","og_type":"article","og_title":"Fakta och priser - MinnesotaSwede","og_url":"https:\/\/minnesotaswede.com\/sv\/upptack-minnesota\/fakta-och-priser\/","og_site_name":"MinnesotaSwede","article_modified_time":"2024-02-28T09:21:09+00:00","twitter_card":"summary_large_image","schema":{"@context":"https:\/\/schema.org","@graph":[{"@type":"WebPage","@id":"https:\/\/minnesotaswede.com\/sv\/upptack-minnesota\/fakta-och-priser\/","url":"https:\/\/minnesotaswede.com\/sv\/upptack-minnesota\/fakta-och-priser\/","name":"Fakta och priser - MinnesotaSwede","isPartOf":{"@id":"https:\/\/minnesotaswede.com\/#website"},"datePublished":"2024-01-22T11:09:45+00:00","dateModified":"2024-02-28T09:21:09+00:00","breadcrumb":{"@id":"https:\/\/minnesotaswede.com\/sv\/upptack-minnesota\/fakta-och-priser\/#breadcrumb"},"inLanguage":"sv-SE","potentialAction":[{"@type":"ReadAction","target":["https:\/\/minnesotaswede.com\/sv\/upptack-minnesota\/fakta-och-priser\/"]}]},{"@type":"BreadcrumbList","@id":"https:\/\/minnesotaswede.com\/sv\/upptack-minnesota\/fakta-och-priser\/#breadcrumb","itemListElement":[{"@type":"ListItem","position":1,"name":"Home","item":"https:\/\/minnesotaswede.com\/sv\/"},{"@type":"ListItem","position":2,"name":"Uppt\u00e4ck Minnesota","item":"https:\/\/minnesotaswede.com\/sv\/upptack-minnesota\/"},{"@type":"ListItem","position":3,"name":"Fakta och priser"}]},{"@type":"WebSite","@id":"https:\/\/minnesotaswede.com\/#website","url":"https:\/\/minnesotaswede.com\/","name":"MinnesotaSwede","description":"","potentialAction":[{"@type":"SearchAction","target":{"@type":"EntryPoint","urlTemplate":"https:\/\/minnesotaswede.com\/?s={search_term_string}"},"query-input":"required name=search_term_string"}],"inLanguage":"sv-SE"}]}},"_links":{"self":[{"href":"https:\/\/minnesotaswede.com\/sv\/wp-json\/wp\/v2\/pages\/863"}],"collection":[{"href":"https:\/\/minnesotaswede.com\/sv\/wp-json\/wp\/v2\/pages"}],"about":[{"href":"https:\/\/minnesotaswede.com\/sv\/wp-json\/wp\/v2\/types\/page"}],"author":[{"embeddable":true,"href":"https:\/\/minnesotaswede.com\/sv\/wp-json\/wp\/v2\/users\/1"}],"replies":[{"embeddable":true,"href":"https:\/\/minnesotaswede.com\/sv\/wp-json\/wp\/v2\/comments?post=863"}],"version-history":[{"count":2,"href":"https:\/\/minnesotaswede.com\/sv\/wp-json\/wp\/v2\/pages\/863\/revisions"}],"predecessor-version":[{"id":909,"href":"https:\/\/minnesotaswede.com\/sv\/wp-json\/wp\/v2\/pages\/863\/revisions\/909"}],"up":[{"embeddable":true,"href":"https:\/\/minnesotaswede.com\/sv\/wp-json\/wp\/v2\/pages\/449"}],"wp:attachment":[{"href":"https:\/\/minnesotaswede.com\/sv\/wp-json\/wp\/v2\/media?parent=863"}],"curies":[{"name":"wp","href":"https:\/\/api.w.org\/{rel}","templated":true}]}}